{"id":415,"date":"2017-10-30T17:16:15","date_gmt":"2017-10-30T17:16:15","guid":{"rendered":"http:\/\/mandir-dev.hosting.guru\/en\/?page_id=415"},"modified":"2018-05-02T12:50:52","modified_gmt":"2018-05-02T12:50:52","slug":"about-monastery","status":"publish","type":"page","link":"https:\/\/harinammandir.com\/de\/","title":{"rendered":"\u00dcber den Tempel"},"content":{"rendered":"<p><img src=\"\/wp-content\/uploads\/2017\/12\/firstpageLowq.jpg\" > <\/p>\n<p>Die Hauptt\u00e4tigkeit unseres Teams ist Harinama Sankirtana. Um diesen hingebungsvollen Dienst selbst effektiv zu leisten und andere ebenfalls daf\u00fcr zu inspirieren, haben wir beschlossen, das Kloster des Heiligen Namens zu gr\u00fcnden. Die Idee kam bereits 2011 von Ananda Vardhana Swami. Im Jahr 2014 spendete Dasharatha Suta Prabhu das Land f\u00fcr den Bau des Klosters.<\/p>\n<p><strong>Die Ziele des Klosters:<\/strong><\/p>\n<p><strong>1. Den Lernzentrum f\u00fcr Brahmacharya zu schaffen<\/strong> &#8211; Auf- und Erziehung der Brahmacharyas im Geiste des Krishna-Bewusstseins. Die Basis daf\u00fcr &#8211; Eintauchen in das Chanten der heiligen Namen (Japa, Kirtan, Sri Harinama Sankirtana), eine gute Sadhana, Schriftstudium und Vaishnava Etikette. Das Erlernen die Musikinstrumente zu spielen, Kirtan zu leiten, B\u00fccher von Srila Prabhupada zu verteilen.<\/p>\n<p><strong>2. Die Vanaprastha zu unterst\u00fctzen<\/strong> (Dies wird dem Brahmacharya den Glauben geben, den hingebungsvollen Dienst im Ashram fortzusetzen). Die Wohnm\u00f6glichkeit, die F\u00fcrsorge f\u00fcr die Devotee, die M\u00f6glichkeit zeitlebens in der Gemeinschaft der Vaishnavas zu bleiben, die Kommunion zu erlangen, die Inspiration, die F\u00fcrsorge und den Raum sich v\u00f6llig auf den Sinn des Lebens zu konzentrieren &#8211; der Liebe zu Krishna.<\/p>\n<p><strong>3. Eine Chance den Devotee aus der Gemeinde zu geben<\/strong> (nur f\u00fcr Prabhu) in der geistigen Atmosph\u00e4re des Ashrams zu leben, eine Ausbildung zu absolvieren und die Inspiration zu erlangen.<\/p>\n<p>Das Kloster befindet sich in Litauen, ca. 4 km von der Gemeinde Zasliai entfernt, an der Bundesstra\u00dfe zwischen Kaunas &#8211; Vilnius. In unmittelbarer N\u00e4he ist ein Naturschutzgebiet. Das Territorium des Klosters umfasst &#8211; 14 Hektar, auf dem u.a. auch f\u00fcnf Hausrinder gehalten werden. Im Holzhaus befinden sich der Altar und der Brahmacharya Ashram. Das Steinhaus dient f\u00fcr den Aufenthalt \u00e4lterer Devotee und der G\u00e4ste. <\/p>\n<p>Die Vorlesungen bzw. die Kommunikation im Aschram erfolgen \u00fcberwiegend auf Russisch. Es besteht jedoch die M\u00f6glichkeit der \u00dcbersetzung ins Englische und Litauische.<\/p>\n<p><strong>Das Projekt ist genehmigt durch:<\/strong><br \/>\nS.H Niranjana Swami &#8211; G.B.C in Litauen<br \/>\nS.H Bhakti Chaitanya Swami &#8211; G.B.C im Baltikum<br \/>\nS.H Bhakti Vigyan Goswami &#8211; G.B.C in Russland<\/p>\n","protected":false},"excerpt":{"rendered":"<p>Die Hauptt\u00e4tigkeit unseres Teams ist Harinama Sankirtana. Um diesen hingebungsvollen Dienst selbst effektiv zu leisten und andere ebenfalls daf\u00fcr zu inspirieren, haben wir beschlossen, das Kloster des Heiligen Namens zu gr\u00fcnden. Die Idee kam bereits 2011 von Ananda Vardhana Swami. Im Jahr 2014 spendete Dasharatha Suta Prabhu das Land f\u00fcr den Bau des Klosters. Die [&hellip;]<\/p>\n","protected":false},"author":2,"featured_media":0,"parent":0,"menu_order":0,"comment_status":"closed","ping_status":"closed","template":"","meta":{"ngg_post_thumbnail":0},"_links":{"self":[{"href":"https:\/\/harinammandir.com\/de\/wp-json\/wp\/v2\/pages\/415"}],"collection":[{"href":"https:\/\/harinammandir.com\/de\/wp-json\/wp\/v2\/pages"}],"about":[{"href":"https:\/\/harinammandir.com\/de\/wp-json\/wp\/v2\/types\/page"}],"author":[{"embeddable":true,"href":"https:\/\/harinammandir.com\/de\/wp-json\/wp\/v2\/users\/2"}],"replies":[{"embeddable":true,"href":"https:\/\/harinammandir.com\/de\/wp-json\/wp\/v2\/comments?post=415"}],"version-history":[{"count":11,"href":"https:\/\/harinammandir.com\/de\/wp-json\/wp\/v2\/pages\/415\/revisions"}],"predecessor-version":[{"id":779,"href":"https:\/\/harinammandir.com\/de\/wp-json\/wp\/v2\/pages\/415\/revisions\/779"}],"wp:attachment":[{"href":"https:\/\/harinammandir.com\/de\/wp-json\/wp\/v2\/media?parent=415"}],"curies":[{"name":"wp","href":"https:\/\/api.w.org\/{rel}","templated":true}]}}