{"id":420,"date":"2017-11-01T09:39:51","date_gmt":"2017-11-01T09:39:51","guid":{"rendered":"http:\/\/mandir-dev.hosting.guru\/en\/?page_id=420"},"modified":"2026-04-01T12:38:30","modified_gmt":"2026-04-01T12:38:30","slug":"contacts","status":"publish","type":"page","link":"https:\/\/harinammandir.com\/de\/contacts\/","title":{"rendered":"Kontakt"},"content":{"rendered":"<div id=\"pl-420\"  class=\"panel-layout\" ><div id=\"pg-420-0\"  class=\"panel-grid panel-no-style\" ><div id=\"pgc-420-0-0\"  class=\"panel-grid-cell panel-grid-cell-mobile-last\" ><div id=\"panel-420-0-0-0\" class=\"so-panel widget widget_sow-editor panel-first-child panel-last-child\" data-index=\"0\" ><div class=\"so-widget-sow-editor so-widget-sow-editor-base\"><h3 class=\"widget-title\">Damodara Kripa das<\/h3>\n<div class=\"siteorigin-widget-tinymce textwidget\">\n\t<div class=\"siteorigin-widget-tinymce textwidget\">\n<p><a href=\"mailto:damodara.kripa.bvg@gmail.com\">damodara.kripa.bvg@gmail.com<\/a><br \/>\n+37258588559  (Viber\/ Whatsapp\/ Telegram)<br \/>\n+37064012290<br \/>\nBesuch des Klosters<br \/>\nAusbildung im Kloster<\/p>\n<\/div>\n<\/div>\n<\/div><\/div><\/div><div id=\"pgc-420-0-1\"  class=\"panel-grid-cell panel-grid-cell-empty\" ><\/div><\/div><div id=\"pg-420-1\"  class=\"panel-grid panel-no-style\" ><div id=\"pgc-420-1-0\"  class=\"panel-grid-cell panel-grid-cell-mobile-last\" ><div id=\"panel-420-1-0-0\" class=\"so-panel widget widget_sow-editor panel-first-child panel-last-child\" data-index=\"1\" ><div class=\"so-widget-sow-editor so-widget-sow-editor-base\"><h3 class=\"widget-title\">Pranata Karuna das<\/h3>\n<div class=\"siteorigin-widget-tinymce textwidget\">\n\t<div class=\"siteorigin-widget-tinymce textwidget\">\n<p><a href=\"mailto:pranatakaruna.bvg@gmail.com\">pranatakaruna.bvg@gmail.com<\/a><br \/>\n+37255918529<br \/>\nUnterst\u00fctzung des Klosters<\/p>\n<\/div>\n<\/div>\n<\/div><\/div><\/div><div id=\"pgc-420-1-1\"  class=\"panel-grid-cell panel-grid-cell-empty\" ><\/div><\/div><div id=\"pg-420-2\"  class=\"panel-grid panel-no-style\" ><div id=\"pgc-420-2-0\"  class=\"panel-grid-cell panel-grid-cell-empty\" ><\/div><\/div><div id=\"pg-420-3\"  class=\"panel-grid panel-no-style\" ><div id=\"pgc-420-3-0\"  class=\"panel-grid-cell\" ><div id=\"panel-420-3-0-0\" class=\"so-panel widget widget_sow-editor panel-first-child panel-last-child\" data-index=\"2\" ><div class=\"so-widget-sow-editor so-widget-sow-editor-base\"><h3 class=\"widget-title\">E-Mail f\u00fcr alle anderen Fragen:<\/h3>\n<div class=\"siteorigin-widget-tinymce textwidget\">\n\t<div class=\"siteorigin-widget-tinymce textwidget\">\n<div class=\"siteorigin-widget-tinymce textwidget\">\n<div class=\"siteorigin-widget-tinymce textwidget\">\n<p><a href=\"mailto:harinammandir64@gmail.com\">harinammandir64@gmail.com<\/a><\/p>\n<p>Anschrift: Lithuania, Kai\u0161iadori\u0173 r. sav., Zezmariu apylink\u0117s sen., Paltinink\u0173 kaimas 4, 56420<\/p>\n<\/div>\n<\/div>\n<\/div>\n<\/div>\n<\/div><\/div><\/div><\/div><\/div>","protected":false},"excerpt":{"rendered":"<p>damodara.kripa.bvg@gmail.com +37258588559 (Viber\/ Whatsapp\/ Telegram) +37064012290 Besuch des Klosters Ausbildung im Kloster pranatakaruna.bvg@gmail.com +37255918529 Unterst\u00fctzung des Klosters<\/p>\n","protected":false},"author":2,"featured_media":0,"parent":0,"menu_order":0,"comment_status":"closed","ping_status":"closed","template":"","meta":{"ngg_post_thumbnail":0},"_links":{"self":[{"href":"https:\/\/harinammandir.com\/de\/wp-json\/wp\/v2\/pages\/420"}],"collection":[{"href":"https:\/\/harinammandir.com\/de\/wp-json\/wp\/v2\/pages"}],"about":[{"href":"https:\/\/harinammandir.com\/de\/wp-json\/wp\/v2\/types\/page"}],"author":[{"embeddable":true,"href":"https:\/\/harinammandir.com\/de\/wp-json\/wp\/v2\/users\/2"}],"replies":[{"embeddable":true,"href":"https:\/\/harinammandir.com\/de\/wp-json\/wp\/v2\/comments?post=420"}],"version-history":[{"count":31,"href":"https:\/\/harinammandir.com\/de\/wp-json\/wp\/v2\/pages\/420\/revisions"}],"predecessor-version":[{"id":844,"href":"https:\/\/harinammandir.com\/de\/wp-json\/wp\/v2\/pages\/420\/revisions\/844"}],"wp:attachment":[{"href":"https:\/\/harinammandir.com\/de\/wp-json\/wp\/v2\/media?parent=420"}],"curies":[{"name":"wp","href":"https:\/\/api.w.org\/{rel}","templated":true}]}}