{"id":695,"date":"2017-12-14T10:44:19","date_gmt":"2017-12-14T10:44:19","guid":{"rendered":"http:\/\/harinammandir.com\/en\/?page_id=695"},"modified":"2018-04-29T06:11:56","modified_gmt":"2018-04-29T06:11:56","slug":"shrila-prabhupada","status":"publish","type":"page","link":"https:\/\/harinammandir.com\/de\/shrila-prabhupada\/","title":{"rendered":"Srila Prabhupada"},"content":{"rendered":"<p>Der Gr\u00fcnder Acarya der Internationalen Gesellschaft f\u00fcr Krishna-Bewusstsein (ISKCON)<\/p>\n<p>His Divine Grace A.C. Bhaktivedanta Swami Prabhupada erschien in dieser Welt im Jahre 1896 in Kalkutta, Indien. Dort begegnete er 1922 auch zum ersten Mal seinem spirituellen Meister: Srila Bhaktisiddhanta Saraswati Goswami \u2013 einem bekannten gottergebenen Gelehrten, der in Indien 64 Zentren seiner spirituellen Organisation, der Gaudiya Math, gegr\u00fcndet hatte. Dieser fand Gefallen an dem gebildeten jungen Mann und \u00fcberzeugte ihn, das Verbreiten des vedischen Wissens zu seiner Lebensaufgabe zu machen. Srila Prabhupada wurde sein Sch\u00fcler, und elf Jahre sp\u00e4ter (1933) empfing er in Allahabad die formelle Einweihung in die Gaudiya-Vaishnava-Tradition der Gaudiya Math.<\/p>\n<p><img loading=\"lazy\" src=\"\/wp-content\/uploads\/2017\/12\/prabhupada.jpg\" width=\"533\" height=\"400\" ><\/p>\n<p>Schon bei der ersten Begegnung bat Srila Bhaktisiddhanta Saraswati Thakur seinen zuk\u00fcnftigen Sch\u00fcler, das vedische Wissen in englischer Sprache zu verbreiten. In den darauffolgenden Jahren schrieb Srila Prabhupada eine \u00dcbersetzung mit Kommentar zur Bhagavad-gita, unterst\u00fctzte die Gaudiya Math in ihrer Arbeit und begann 1944 ein halbmonatliches Magazin in englischer Sprache zu ver\u00f6ffentlichen: \u201eBack to Godhead\u201c. Er verteilte die Publikation kostenlos und erhielt sie unter gro\u00dfem Einsatz aufrecht. Einmal begonnen, wurde das Magazin nicht mehr eingestellt: Noch heute f\u00fchren es seine Sch\u00fcler im Westen weiter, und mittlerweile wird es in 19 Sprachen ver\u00f6ffentlicht.<\/p>\n<p>In den darauffolgenden Jahren unterst\u00fctzte Srila Prabhupada viel die Gaudiya Math in ihrer Arbeit, schrieb den Kommentar zur \u201eBhagavad-gita\u201c, und begann 1944 das Magazin in englischer Sprache unter dem Titel \u201eBack to Godhead\u201c zu ver\u00f6ffentlichen, welches einmal in zwei Wochen erschienen ist. In der heutigen Zeit setzen seine Sch\u00fcler die Ver\u00f6ffentlichung  des Magazins in mehr als neunzehn Sprachen der Welt fort.<\/p>\n<p>Als Anerkennung f\u00fcr Srila Prabhupadas philosophische Gelehrsamkeit und Hingabe ehrte ihn die Gaudiya-Vaishnava-Gesellschaft 1947 mit dem Titel \u201eBhaktivedanta\u201c. 1950 zog sich Srila Prabhupada im Alter von 54 Jahren aus dem Familienleben zur\u00fcck, und vier Jahre sp\u00e4ter trat er in den Vanaprastha-Stand (Leben in Zur\u00fcckgezogenheit) ein, um seinen Studien und seiner Schreibt\u00e4tigkeit mehr Zeit zu widmen. Srila Prabhupada begab sich zur heiligen Stadt Vrindavan, wo er in dem historischen mittelalterlichen Tempel von Radha-Damodara in sehr bescheidenen Verh\u00e4ltnissen lebte. Dort vertiefte er sich in eingehende Studien und verfasste mehrere B\u00fccher und Schriften. 1959 trat er dann in den Lebensstand der Entsagung (Sannyasa). Im Radha-Damodara-Tempel begann Srila Prabhupada mit der Arbeit an seinem Lebenswerk \u2013 einer vielb\u00e4ndigen \u00dcbersetzung mit Kommentar des 18 000 Verse umfassenden \u015ar\u012bmad-Bh\u0101gavatam (Bhagavata Purana). Dort entstand auch das Buch \u201eEasy Journey to Other Planet\u201c (deutsch: \u201eJenseits von Raum und Zeit\u201c), das sp\u00e4ter im Westen mehrmals neu aufgelegt wurde.<\/p>\n<p>Srila Prabhupada legte auch den Grundstein f\u00fcr den Bau eines gro\u00df angelegten Hauptzentrums in Sridhama Mayapur in Westbengalen (Indien), zu dem inzwischen auch ein Institut f\u00fcr vedische Studien geh\u00f6rt und wo gerade ein vedisches Planetarium konstruiert wird. Sridham Mayapur beherbergt zudem Srila Prabhupadas Mausoleum \u2013 mit \u00fcber 60 Metern das h\u00f6chste Bauwerk Westbengalens. Ein weiteres Projekt, das unter Prabhupadas F\u00fchrung entstand, ist der eindrucksvolle Krishna-Balaram-Tempel in Vrindavan (Indien) mit internationalem G\u00e4stehaus. Hier k\u00f6nnen Besucher aus der ganzen Welt einen unmittelbaren Eindruck von der vedischen Kultur bekommen.<\/p>\n<p>Srila Prabhupadas bedeutendster Beitrag waren indes seine B\u00fccher. Wegen ihrer Authentizit\u00e4t, Tiefe und Klarheit auch in akademischen Kreisen hochgeachtet, stehen sie in zahlreichen Hochschulbibliotheken. Seine Schriften sind bisher in 50 Sprachen \u00fcbersetzt worden. Der Bhaktivedanta Book Trust, den Srila Prabhupada 1972 gr\u00fcndete, ist heute der gr\u00f6\u00dfte Verlag im Bereich indisch-religi\u00f6ser und -philosophischer B\u00fccher.<\/p>\n<p>Quelle: <a href=\"http:\/\/www.iskcon.de\">www.iskcon.de <\/a><\/p>\n<p><a href=\"http:\/\/www.vedabase.com\/de\/\">vedabase.com\/de\/<\/a><br \/>\nB\u00fccher von Srila Prabhupada<\/p>\n<p><a href=\"http:\/\/www.prabhupada.net\/\">prabhupada.net<\/a><br \/>\nWeitere Informationen \u00fcber Prabhupada<\/p>\n","protected":false},"excerpt":{"rendered":"<p>Der Gr\u00fcnder Acarya der Internationalen Gesellschaft f\u00fcr Krishna-Bewusstsein (ISKCON) His Divine Grace A.C. Bhaktivedanta Swami Prabhupada erschien in dieser Welt im Jahre 1896 in Kalkutta, Indien. Dort begegnete er 1922 auch zum ersten Mal seinem spirituellen Meister: Srila Bhaktisiddhanta Saraswati Goswami \u2013 einem bekannten gottergebenen Gelehrten, der in Indien 64 Zentren seiner spirituellen Organisation, der [&hellip;]<\/p>\n","protected":false},"author":2,"featured_media":0,"parent":0,"menu_order":0,"comment_status":"closed","ping_status":"closed","template":"","meta":{"ngg_post_thumbnail":0},"_links":{"self":[{"href":"https:\/\/harinammandir.com\/de\/wp-json\/wp\/v2\/pages\/695"}],"collection":[{"href":"https:\/\/harinammandir.com\/de\/wp-json\/wp\/v2\/pages"}],"about":[{"href":"https:\/\/harinammandir.com\/de\/wp-json\/wp\/v2\/types\/page"}],"author":[{"embeddable":true,"href":"https:\/\/harinammandir.com\/de\/wp-json\/wp\/v2\/users\/2"}],"replies":[{"embeddable":true,"href":"https:\/\/harinammandir.com\/de\/wp-json\/wp\/v2\/comments?post=695"}],"version-history":[{"count":16,"href":"https:\/\/harinammandir.com\/de\/wp-json\/wp\/v2\/pages\/695\/revisions"}],"predecessor-version":[{"id":791,"href":"https:\/\/harinammandir.com\/de\/wp-json\/wp\/v2\/pages\/695\/revisions\/791"}],"wp:attachment":[{"href":"https:\/\/harinammandir.com\/de\/wp-json\/wp\/v2\/media?parent=695"}],"curies":[{"name":"wp","href":"https:\/\/api.w.org\/{rel}","templated":true}]}}