{"id":793,"date":"2018-05-02T12:41:03","date_gmt":"2018-05-02T12:41:03","guid":{"rendered":"http:\/\/harinammandir.com\/de\/?page_id=793"},"modified":"2018-05-11T05:28:19","modified_gmt":"2018-05-11T05:28:19","slug":"das-programm-der-fursorger-des-klosters","status":"publish","type":"page","link":"https:\/\/harinammandir.com\/de\/das-programm-der-fursorger-des-klosters\/","title":{"rendered":"Das Programm der F\u00fcrsorger des Klosters"},"content":{"rendered":"<p>Das ist angenehm mit dem Gef\u00fchl der Zugeh\u00f6rigkeit zum Guten und N\u00fctzlichen zu leben. Besonders, wenn Du dadurch zu existieren und zu entwickeln hilfst.   <\/p>\n<p>Wir bitten Ihnen der F\u00fcrsorger unseres Klosters zu werden &#8211; und eine regelm\u00e4\u00dfige Zahlung mit der m\u00f6glichen f\u00fcr Sie Summe einzurichten. Die Zahlungssumme und die Dauer bestimmen Sie selbst. Sie k\u00f6nnen sie zu jeder Zeit \u00e4ndern oder einstellen. <\/p>\n<p><strong>Ihre Spende wird verwendet f\u00fcr:<\/strong><\/p>\n<p>1)             Erwerb des Kraftstoffs und Wartung der Autos der Harinama Sankirtana<\/p>\n<p>2)             Laufende Reparaturen und Ausbau des Klosters<\/p>\n<p>3)             Medizinische Versorgung<\/p>\n<p>Als Verwendungszweck bitte \u201e<strong>Monastery<\/strong>\u201c angeben.<\/p>\n<p>Wir sind f\u00fcr jede Hilfe dankbar!<\/p>\n<p><img src=\"http:\/\/harinammandir.com\/wp-content\/uploads\/2018\/05\/pope4itel-1.jpg\"><\/p>\n","protected":false},"excerpt":{"rendered":"<p>Das ist angenehm mit dem Gef\u00fchl der Zugeh\u00f6rigkeit zum Guten und N\u00fctzlichen zu leben. Besonders, wenn Du dadurch zu existieren und zu entwickeln hilfst. Wir bitten Ihnen der F\u00fcrsorger unseres Klosters zu werden &#8211; und eine regelm\u00e4\u00dfige Zahlung mit der m\u00f6glichen f\u00fcr Sie Summe einzurichten. Die Zahlungssumme und die Dauer bestimmen Sie selbst. Sie k\u00f6nnen [&hellip;]<\/p>\n","protected":false},"author":2,"featured_media":0,"parent":0,"menu_order":0,"comment_status":"closed","ping_status":"closed","template":"","meta":{"ngg_post_thumbnail":0},"_links":{"self":[{"href":"https:\/\/harinammandir.com\/de\/wp-json\/wp\/v2\/pages\/793"}],"collection":[{"href":"https:\/\/harinammandir.com\/de\/wp-json\/wp\/v2\/pages"}],"about":[{"href":"https:\/\/harinammandir.com\/de\/wp-json\/wp\/v2\/types\/page"}],"author":[{"embeddable":true,"href":"https:\/\/harinammandir.com\/de\/wp-json\/wp\/v2\/users\/2"}],"replies":[{"embeddable":true,"href":"https:\/\/harinammandir.com\/de\/wp-json\/wp\/v2\/comments?post=793"}],"version-history":[{"count":4,"href":"https:\/\/harinammandir.com\/de\/wp-json\/wp\/v2\/pages\/793\/revisions"}],"predecessor-version":[{"id":802,"href":"https:\/\/harinammandir.com\/de\/wp-json\/wp\/v2\/pages\/793\/revisions\/802"}],"wp:attachment":[{"href":"https:\/\/harinammandir.com\/de\/wp-json\/wp\/v2\/media?parent=793"}],"curies":[{"name":"wp","href":"https:\/\/api.w.org\/{rel}","templated":true}]}}