{"id":415,"date":"2017-10-30T17:16:15","date_gmt":"2017-10-30T17:16:15","guid":{"rendered":"http:\/\/mandir-dev.hosting.guru\/en\/?page_id=415"},"modified":"2020-01-03T03:22:53","modified_gmt":"2020-01-03T03:22:53","slug":"about-monastery","status":"publish","type":"page","link":"https:\/\/harinammandir.com\/lt\/","title":{"rendered":"Apie Vienuolyn\u0105"},"content":{"rendered":"<p><img decoding=\"async\" src=\"\/wp-content\/uploads\/Rtv1vBfB41c.jpg\"><\/p>\n<p>Pagrindin\u0117 m\u016bs\u0173 komandos veikla \u2013 tai Harinama Sankirtana. Tam, kad gal\u0117tume kuo efektyviau atlikti \u0161i\u0105 tarnyst\u0119 ir \u012fkv\u0117pti kitus, nusprend\u0117me \u012fkurti \u0160vento Vardo Vienuolyn\u0105. \u0160i id\u0117ja gim\u0117 Ananda Vardhanai prabhu. 2014 m. Da\u0161aratha Suta prabhu paaukojo \u017eem\u0117s plot\u0105 Vienuolyno statybai.<\/p>\n<p><strong>Vienuolyno tikslai:<\/strong><br \/>\n<strong>1. Sukurti brahma\u010dari\u0173 \u0161vietimo centr\u0105<\/strong> \u2013 ugdyti ir lavinti brahma\u010diarius Kri\u0161nos s\u0105mon\u0117s dvasia. Pagrindas \u2013 pasin\u0117rimas \u012f \u0160vent\u0173 Vard\u0173 giedojim\u0105 \u2013 d\u017eapa, kirtanas, \u0160ri Harinama sankirtana, taip pat tinkama sadhana, \u0160ventra\u0161\u010di\u0173 bei vai\u0161nav\u0173 etiketo studijavimas. Mokymasis groti muzikos instrumentais, vesti kirtan\u0105, platinti knygas.<br \/>\ngood sadhana, learning sastras,<br \/>\nplaying musical instruments, leading a kirtan;<br \/>\ndistribution the books of Srila Prabhupada.<br \/>\n<strong>2. Paremti vanaprasthas<\/strong> (tai suteiks brahma\u010dariui tik\u0117jim\u0105 t\u0119sti tarnyst\u0119 a\u0161rame). Gyvenamoji vieta, r\u016bpinimasis atsidavusiais, galimyb\u0117 iki gyvenimo pabaigos likti vai\u0161nav\u0173 bendrijoje, gauti bendravim\u0105, \u012fkv\u0117pim\u0105, r\u016bpest\u012f ir pilnai susikoncentruoti \u012f gyvenimo tiksl\u0105 \u2013 meil\u0119 Kri\u0161nai.<br \/>\n<strong>3. Suteikti galimyb\u0119 atsidavusiems i\u0161 kit\u0173 bendrij\u0173<\/strong> (tik prabhu) pagyventi dvasin\u0117je a\u0161ramo aplinkoje, mokytis ir \u012fsikv\u0117pti.<\/p>\n<p>Vienuolynas \u012fsik\u016br\u0119s Lietuvoje, netoli automagistral\u0117s Kaunas &#8211; Vilnius. \u0160alia yra gamtos draustinis.<br \/>\nVienuolyno teritorija \u2013 14 ha. Medinis namas &#8211; altorin\u0117 ir brahma\u010dari\u0173 a\u0161ramas, m\u016brinis namas &#8211; vyresniesiems atsidavusiems ir sve\u010diams.<\/p>\n<p><strong>Projektui pritar\u0117:<\/strong><br \/>\nJ\u0160 Nirand\u017eana Svamis \u2013 GBC Lietuvoje<br \/>\nJ\u0160 Bhakti \u010caitanja Svamis \u2013 GBC Baltijos \u0161alyse<br \/>\nJ\u0160 Bhakti Vigjana Gosvamis \u2013 GBC Rusijoje<\/p>\n","protected":false},"excerpt":{"rendered":"<p>Pagrindin\u0117 m\u016bs\u0173 komandos veikla \u2013 tai Harinama Sankirtana. Tam, kad gal\u0117tume kuo efektyviau atlikti \u0161i\u0105 tarnyst\u0119 ir \u012fkv\u0117pti kitus, nusprend\u0117me \u012fkurti \u0160vento Vardo Vienuolyn\u0105. \u0160i id\u0117ja gim\u0117 Ananda Vardhanai prabhu. 2014 m. Da\u0161aratha Suta prabhu paaukojo \u017eem\u0117s plot\u0105 Vienuolyno statybai. Vienuolyno tikslai: 1. Sukurti brahma\u010dari\u0173 \u0161vietimo centr\u0105 \u2013 ugdyti ir lavinti brahma\u010diarius Kri\u0161nos s\u0105mon\u0117s dvasia. [&hellip;]<\/p>\n","protected":false},"author":2,"featured_media":0,"parent":0,"menu_order":0,"comment_status":"closed","ping_status":"closed","template":"","meta":{"ngg_post_thumbnail":0},"acf":[],"_links":{"self":[{"href":"https:\/\/harinammandir.com\/lt\/wp-json\/wp\/v2\/pages\/415"}],"collection":[{"href":"https:\/\/harinammandir.com\/lt\/wp-json\/wp\/v2\/pages"}],"about":[{"href":"https:\/\/harinammandir.com\/lt\/wp-json\/wp\/v2\/types\/page"}],"author":[{"embeddable":true,"href":"https:\/\/harinammandir.com\/lt\/wp-json\/wp\/v2\/users\/2"}],"replies":[{"embeddable":true,"href":"https:\/\/harinammandir.com\/lt\/wp-json\/wp\/v2\/comments?post=415"}],"version-history":[{"count":11,"href":"https:\/\/harinammandir.com\/lt\/wp-json\/wp\/v2\/pages\/415\/revisions"}],"predecessor-version":[{"id":786,"href":"https:\/\/harinammandir.com\/lt\/wp-json\/wp\/v2\/pages\/415\/revisions\/786"}],"wp:attachment":[{"href":"https:\/\/harinammandir.com\/lt\/wp-json\/wp\/v2\/media?parent=415"}],"curies":[{"name":"wp","href":"https:\/\/api.w.org\/{rel}","templated":true}]}}