{"id":426,"date":"2017-11-01T09:49:14","date_gmt":"2017-11-01T09:49:14","guid":{"rendered":"http:\/\/mandir-dev.hosting.guru\/en\/?page_id=426"},"modified":"2026-04-01T08:31:18","modified_gmt":"2026-04-01T08:31:18","slug":"donation","status":"publish","type":"page","link":"https:\/\/harinammandir.com\/lt\/donation\/","title":{"rendered":"Rekvizitai"},"content":{"rendered":"<p>&nbsp;<\/p>\n<hr>\n<p>Lietuva &#8211; Swedbank:<br \/>\nGav\u0117jo vardas: \u0160vento Vardo vienuolynas<br \/>\nRegistracijos kodas: 304928202<br \/>\nAdresas: Lietuva, Kai\u0161iadori\u0173 r. sav., \u017die\u017emari\u0173 apylink\u0117s sen., Paltinink\u0173 kaimas 4, 56420<br \/>\nIBAN: LT63 7300 0101 5665 8772<br \/>\nSWIFT (BIC): HABALT22<br \/>\nBanko pavadinimas: \u201eSwedbank\u201c<\/p>\n<hr>\n<p><strong>\u201ePaypal\u201c rekvizitai: <\/strong>donation@harinammandir.com<\/p>\n<p>Button for Euro<\/p>\n<form action=\"https:\/\/www.paypal.com\/cgi-bin\/webscr\" method=\"post\" target=\"_top\"><input name=\"cmd\" type=\"hidden\" value=\"_s-xclick\"><br \/>\n<input name=\"hosted_button_id\" type=\"hidden\" value=\"VMCG5DGHECMEC\"><br \/>\n<input title=\"PayPal - The safer, easier way to pay online!\" alt=\"Donate with PayPal button\" name=\"submit\" src=\"https:\/\/www.paypalobjects.com\/en_US\/i\/btn\/btn_donateCC_LG.gif\" type=\"image\"><br \/>\n<img decoding=\"async\" loading=\"lazy\" src=\"https:\/\/www.paypal.com\/en_EE\/i\/scr\/pixel.gif\" alt=\"\" width=\"1\" height=\"1\" border=\"0\"><\/form>\n<p>Button for USD<\/p>\n<form action=\"https:\/\/www.paypal.com\/cgi-bin\/webscr\" method=\"post\" target=\"_top\"><input name=\"cmd\" type=\"hidden\" value=\"_s-xclick\"><br \/>\n<input name=\"hosted_button_id\" type=\"hidden\" value=\"P5GTEYMPMZTGA\"><br \/>\n<input title=\"PayPal - The safer, easier way to pay online!\" alt=\"Donate with PayPal button\" name=\"submit\" src=\"https:\/\/www.paypalobjects.com\/en_US\/i\/btn\/btn_donateCC_LG.gif\" type=\"image\"><br \/>\n<img decoding=\"async\" loading=\"lazy\" src=\"https:\/\/www.paypal.com\/en_US\/i\/scr\/pixel.gif\" alt=\"\" width=\"1\" height=\"1\" border=\"0\"><\/form>\n","protected":false},"excerpt":{"rendered":"<p>&nbsp; Lietuva &#8211; Swedbank: Gav\u0117jo vardas: \u0160vento Vardo vienuolynas Registracijos kodas: 304928202 Adresas: Lietuva, Kai\u0161iadori\u0173 r. sav., \u017die\u017emari\u0173 apylink\u0117s sen., Paltinink\u0173 kaimas 4, 56420 IBAN: LT63 7300 0101 5665 8772 SWIFT (BIC): HABALT22 Banko pavadinimas: \u201eSwedbank\u201c \u201ePaypal\u201c rekvizitai: donation@harinammandir.com Button for Euro Button for USD<\/p>\n","protected":false},"author":2,"featured_media":0,"parent":0,"menu_order":0,"comment_status":"closed","ping_status":"closed","template":"","meta":{"ngg_post_thumbnail":0},"acf":[],"_links":{"self":[{"href":"https:\/\/harinammandir.com\/lt\/wp-json\/wp\/v2\/pages\/426"}],"collection":[{"href":"https:\/\/harinammandir.com\/lt\/wp-json\/wp\/v2\/pages"}],"about":[{"href":"https:\/\/harinammandir.com\/lt\/wp-json\/wp\/v2\/types\/page"}],"author":[{"embeddable":true,"href":"https:\/\/harinammandir.com\/lt\/wp-json\/wp\/v2\/users\/2"}],"replies":[{"embeddable":true,"href":"https:\/\/harinammandir.com\/lt\/wp-json\/wp\/v2\/comments?post=426"}],"version-history":[{"count":24,"href":"https:\/\/harinammandir.com\/lt\/wp-json\/wp\/v2\/pages\/426\/revisions"}],"predecessor-version":[{"id":985,"href":"https:\/\/harinammandir.com\/lt\/wp-json\/wp\/v2\/pages\/426\/revisions\/985"}],"wp:attachment":[{"href":"https:\/\/harinammandir.com\/lt\/wp-json\/wp\/v2\/media?parent=426"}],"curies":[{"name":"wp","href":"https:\/\/api.w.org\/{rel}","templated":true}]}}