{"id":488,"date":"2017-11-01T10:04:20","date_gmt":"2017-11-01T10:04:20","guid":{"rendered":"http:\/\/mandir-dev.hosting.guru\/en\/?page_id=488"},"modified":"2020-01-06T04:38:26","modified_gmt":"2020-01-06T04:38:26","slug":"video","status":"publish","type":"page","link":"https:\/\/harinammandir.com\/lt\/video\/","title":{"rendered":"Video"},"content":{"rendered":"<div id=\"pl-488\"  class=\"panel-layout\" ><div id=\"pg-488-0\"  class=\"panel-grid panel-no-style\" ><div id=\"pgc-488-0-0\"  class=\"panel-grid-cell\" ><div id=\"panel-488-0-0-0\" class=\"so-panel widget widget_media_video panel-first-child panel-last-child\" data-index=\"0\" ><div style=\"width:100%;\" class=\"wp-video\"><!--[if lt IE 9]><script>document.createElement('video');<\/script><![endif]-->\n<video class=\"wp-video-shortcode\" id=\"video-488-1\" preload=\"metadata\" controls=\"controls\"><source type=\"video\/youtube\" src=\"https:\/\/www.youtube.com\/watch?v=uAqca7wJlNo&#038;_=1\" \/><a href=\"https:\/\/www.youtube.com\/watch?v=uAqca7wJlNo\">https:\/\/www.youtube.com\/watch?v=uAqca7wJlNo<\/a><\/video><\/div><\/div><\/div><div id=\"pgc-488-0-1\"  class=\"panel-grid-cell\" ><div id=\"panel-488-0-1-0\" class=\"so-panel widget widget_media_video panel-first-child panel-last-child\" data-index=\"1\" ><div style=\"width:100%;\" class=\"wp-video\"><video class=\"wp-video-shortcode\" id=\"video-488-2\" preload=\"metadata\" controls=\"controls\"><source type=\"video\/youtube\" src=\"https:\/\/youtu.be\/pnF89Agy3oQ?_=2\" \/><a href=\"https:\/\/youtu.be\/pnF89Agy3oQ\">https:\/\/youtu.be\/pnF89Agy3oQ<\/a><\/video><\/div><\/div><\/div><div id=\"pgc-488-0-2\"  class=\"panel-grid-cell\" ><div id=\"panel-488-0-2-0\" class=\"so-panel widget widget_media_video panel-first-child panel-last-child\" data-index=\"2\" ><div style=\"width:100%;\" class=\"wp-video\"><video class=\"wp-video-shortcode\" id=\"video-488-3\" preload=\"metadata\" controls=\"controls\"><source type=\"video\/youtube\" src=\"https:\/\/youtu.be\/X3Gau6nzMUk?_=3\" \/><a href=\"https:\/\/youtu.be\/X3Gau6nzMUk\">https:\/\/youtu.be\/X3Gau6nzMUk<\/a><\/video><\/div><\/div><\/div><\/div><div id=\"pg-488-1\"  class=\"panel-grid panel-no-style\" ><div id=\"pgc-488-1-0\"  class=\"panel-grid-cell\" ><div id=\"panel-488-1-0-0\" class=\"widget_text so-panel widget widget_custom_html panel-first-child panel-last-child\" data-index=\"3\" ><div class=\"textwidget custom-html-widget\"><h3>Harinamos turo po Europ\u0105 metu<\/h3><\/div><\/div><\/div><\/div><div id=\"pg-488-2\"  class=\"panel-grid panel-no-style\" ><div id=\"pgc-488-2-0\"  class=\"panel-grid-cell\" ><div id=\"panel-488-2-0-0\" class=\"so-panel widget widget_media_video panel-first-child panel-last-child\" data-index=\"4\" ><div style=\"width:100%;\" class=\"wp-video\"><video class=\"wp-video-shortcode\" id=\"video-488-4\" preload=\"metadata\" controls=\"controls\"><source type=\"video\/youtube\" src=\"https:\/\/youtu.be\/MyqS41elZRI?_=4\" \/><a href=\"https:\/\/youtu.be\/MyqS41elZRI\">https:\/\/youtu.be\/MyqS41elZRI<\/a><\/video><\/div><\/div><\/div><div id=\"pgc-488-2-1\"  class=\"panel-grid-cell\" ><div id=\"panel-488-2-1-0\" class=\"so-panel widget widget_media_video panel-first-child panel-last-child\" data-index=\"5\" ><div style=\"width:100%;\" class=\"wp-video\"><video class=\"wp-video-shortcode\" id=\"video-488-5\" preload=\"metadata\" controls=\"controls\"><source type=\"video\/youtube\" src=\"https:\/\/youtu.be\/aGZLUvBUhaw?_=5\" \/><a href=\"https:\/\/youtu.be\/aGZLUvBUhaw\">https:\/\/youtu.be\/aGZLUvBUhaw<\/a><\/video><\/div><\/div><\/div><div id=\"pgc-488-2-2\"  class=\"panel-grid-cell\" ><div id=\"panel-488-2-2-0\" class=\"so-panel widget widget_media_video panel-first-child panel-last-child\" data-index=\"6\" ><div style=\"width:100%;\" class=\"wp-video\"><video class=\"wp-video-shortcode\" id=\"video-488-6\" preload=\"metadata\" controls=\"controls\"><source type=\"video\/youtube\" src=\"https:\/\/youtu.be\/N6rusEq3wFE?_=6\" \/><a href=\"https:\/\/youtu.be\/N6rusEq3wFE\">https:\/\/youtu.be\/N6rusEq3wFE<\/a><\/video><\/div><\/div><\/div><\/div><div id=\"pg-488-3\"  class=\"panel-grid panel-no-style\" ><div id=\"pgc-488-3-0\"  class=\"panel-grid-cell\" ><div id=\"panel-488-3-0-0\" class=\"so-panel widget widget_media_video panel-first-child panel-last-child\" data-index=\"7\" ><div style=\"width:100%;\" class=\"wp-video\"><video class=\"wp-video-shortcode\" id=\"video-488-7\" preload=\"metadata\" controls=\"controls\"><source type=\"video\/youtube\" src=\"https:\/\/youtu.be\/fEEkX-UGdt0?_=7\" \/><a href=\"https:\/\/youtu.be\/fEEkX-UGdt0\">https:\/\/youtu.be\/fEEkX-UGdt0<\/a><\/video><\/div><\/div><\/div><div id=\"pgc-488-3-1\"  class=\"panel-grid-cell\" ><div id=\"panel-488-3-1-0\" class=\"so-panel widget widget_media_video panel-first-child panel-last-child\" data-index=\"8\" ><div style=\"width:100%;\" class=\"wp-video\"><video class=\"wp-video-shortcode\" id=\"video-488-8\" preload=\"metadata\" controls=\"controls\"><source type=\"video\/youtube\" src=\"https:\/\/www.youtube.com\/watch?v=qMS_SqUFv7E&#038;_=8\" \/><a href=\"https:\/\/www.youtube.com\/watch?v=qMS_SqUFv7E\">https:\/\/www.youtube.com\/watch?v=qMS_SqUFv7E<\/a><\/video><\/div><\/div><\/div><div id=\"pgc-488-3-2\"  class=\"panel-grid-cell\" ><div id=\"panel-488-3-2-0\" class=\"so-panel widget widget_media_video panel-first-child panel-last-child\" data-index=\"9\" ><div style=\"width:100%;\" class=\"wp-video\"><video class=\"wp-video-shortcode\" id=\"video-488-9\" preload=\"metadata\" controls=\"controls\"><source type=\"video\/youtube\" src=\"https:\/\/youtu.be\/4m7lkC_rLgA?_=9\" \/><a href=\"https:\/\/youtu.be\/4m7lkC_rLgA\">https:\/\/youtu.be\/4m7lkC_rLgA<\/a><\/video><\/div><\/div><\/div><\/div><div id=\"pg-488-4\"  class=\"panel-grid panel-no-style\" ><div id=\"pgc-488-4-0\"  class=\"panel-grid-cell\" ><div id=\"panel-488-4-0-0\" class=\"widget_text so-panel widget widget_custom_html panel-first-child panel-last-child\" data-index=\"10\" ><div class=\"textwidget custom-html-widget\">Kiti m\u016bs\u0173 kanalo vaizdo \u012fra\u0161ai - - <a href=\"http:\/\/youtube.com\/harinammandir\">youtube.com\/harinammandir <\/a><\/div><\/div><\/div><\/div><\/div>","protected":false},"excerpt":{"rendered":"<p>https:\/\/www.youtube.com\/watch?v=uAqca7wJlNohttps:\/\/youtu.be\/pnF89Agy3oQhttps:\/\/youtu.be\/X3Gau6nzMUkHarinamos turo po Europ\u0105 metuhttps:\/\/youtu.be\/MyqS41elZRIhttps:\/\/youtu.be\/aGZLUvBUhawhttps:\/\/youtu.be\/N6rusEq3wFEhttps:\/\/youtu.be\/fEEkX-UGdt0https:\/\/www.youtube.com\/watch?v=qMS_SqUFv7Ehttps:\/\/youtu.be\/4m7lkC_rLgAKiti m\u016bs\u0173 kanalo vaizdo \u012fra\u0161ai &#8211; &#8211; youtube.com\/harinammandir<\/p>\n","protected":false},"author":2,"featured_media":0,"parent":0,"menu_order":0,"comment_status":"closed","ping_status":"closed","template":"","meta":{"ngg_post_thumbnail":0},"acf":[],"_links":{"self":[{"href":"https:\/\/harinammandir.com\/lt\/wp-json\/wp\/v2\/pages\/488"}],"collection":[{"href":"https:\/\/harinammandir.com\/lt\/wp-json\/wp\/v2\/pages"}],"about":[{"href":"https:\/\/harinammandir.com\/lt\/wp-json\/wp\/v2\/types\/page"}],"author":[{"embeddable":true,"href":"https:\/\/harinammandir.com\/lt\/wp-json\/wp\/v2\/users\/2"}],"replies":[{"embeddable":true,"href":"https:\/\/harinammandir.com\/lt\/wp-json\/wp\/v2\/comments?post=488"}],"version-history":[{"count":36,"href":"https:\/\/harinammandir.com\/lt\/wp-json\/wp\/v2\/pages\/488\/revisions"}],"predecessor-version":[{"id":816,"href":"https:\/\/harinammandir.com\/lt\/wp-json\/wp\/v2\/pages\/488\/revisions\/816"}],"wp:attachment":[{"href":"https:\/\/harinammandir.com\/lt\/wp-json\/wp\/v2\/media?parent=488"}],"curies":[{"name":"wp","href":"https:\/\/api.w.org\/{rel}","templated":true}]}}