{"id":801,"date":"2020-01-03T03:48:57","date_gmt":"2020-01-03T03:48:57","guid":{"rendered":"https:\/\/harinammandir.com\/lt\/?page_id=801"},"modified":"2020-01-03T04:14:05","modified_gmt":"2020-01-03T04:14:05","slug":"tarnyste-dievybems","status":"publish","type":"page","link":"https:\/\/harinammandir.com\/lt\/tarnyste-dievybems\/","title":{"rendered":"Tarnyst\u0117 Dievyb\u0117ms"},"content":{"rendered":"<!-- index.php -->\n<div\n\tclass=\"ngg-galleryoverview\"\n\tid=\"ngg-gallery-71ec692e9db1840d37c3133c548ad1a8-1\">\n\n    \t\t<!-- Thumbnails -->\n\t\t\t\t<div id=\"ngg-image-0\" class=\"ngg-gallery-thumbnail-box\" >\n\t\t\t\t        <div class=\"ngg-gallery-thumbnail\">\n            <a href=\"https:\/\/harinammandir.com\/lt\/wp-content\/gallery\/sluzhenie-bozhestvam\/02.jpg\"\n               title=\"\"\n               data-src=\"https:\/\/harinammandir.com\/lt\/wp-content\/gallery\/sluzhenie-bozhestvam\/02.jpg\"\n               data-thumbnail=\"https:\/\/harinammandir.com\/lt\/wp-content\/gallery\/sluzhenie-bozhestvam\/thumbs\/thumbs_02.jpg\"\n               data-image-id=\"170\"\n               data-title=\"02\"\n               data-description=\"\"\n               data-image-slug=\"02\"\n               class=\"ngg-fancybox\" rel=\"71ec692e9db1840d37c3133c548ad1a8\">\n                <img\n                    title=\"02\"\n                    alt=\"02\"\n                    src=\"https:\/\/harinammandir.com\/lt\/wp-content\/gallery\/sluzhenie-bozhestvam\/thumbs\/thumbs_02.jpg\"\n                    width=\"240\"\n                    height=\"160\"\n                    style=\"max-width:100%;\"\n                \/>\n            <\/a>\n        <\/div>\n\t\t\t\t\t\t\t<\/div> \n\t\t\t\n        \n\t\t\t\t<div id=\"ngg-image-1\" class=\"ngg-gallery-thumbnail-box\" >\n\t\t\t\t        <div class=\"ngg-gallery-thumbnail\">\n            <a href=\"https:\/\/harinammandir.com\/lt\/wp-content\/gallery\/sluzhenie-bozhestvam\/IMG_0136.jpg\"\n               title=\"\"\n               data-src=\"https:\/\/harinammandir.com\/lt\/wp-content\/gallery\/sluzhenie-bozhestvam\/IMG_0136.jpg\"\n               data-thumbnail=\"https:\/\/harinammandir.com\/lt\/wp-content\/gallery\/sluzhenie-bozhestvam\/thumbs\/thumbs_IMG_0136.jpg\"\n               data-image-id=\"171\"\n               data-title=\"IMG_0136\"\n               data-description=\"\"\n               data-image-slug=\"img_0136\"\n               class=\"ngg-fancybox\" rel=\"71ec692e9db1840d37c3133c548ad1a8\">\n                <img\n                    title=\"IMG_0136\"\n                    alt=\"IMG_0136\"\n                    src=\"https:\/\/harinammandir.com\/lt\/wp-content\/gallery\/sluzhenie-bozhestvam\/thumbs\/thumbs_IMG_0136.jpg\"\n                    width=\"240\"\n                    height=\"160\"\n                    style=\"max-width:100%;\"\n                \/>\n            <\/a>\n        <\/div>\n\t\t\t\t\t\t\t<\/div> \n\t\t\t\n        \n\t\t\t\t<div id=\"ngg-image-2\" class=\"ngg-gallery-thumbnail-box\" >\n\t\t\t\t        <div class=\"ngg-gallery-thumbnail\">\n            <a href=\"https:\/\/harinammandir.com\/lt\/wp-content\/gallery\/sluzhenie-bozhestvam\/IMG_0493.jpg\"\n               title=\"\"\n               data-src=\"https:\/\/harinammandir.com\/lt\/wp-content\/gallery\/sluzhenie-bozhestvam\/IMG_0493.jpg\"\n               data-thumbnail=\"https:\/\/harinammandir.com\/lt\/wp-content\/gallery\/sluzhenie-bozhestvam\/thumbs\/thumbs_IMG_0493.jpg\"\n               data-image-id=\"172\"\n               data-title=\"IMG_0493\"\n               data-description=\"\"\n               data-image-slug=\"img_0493\"\n               class=\"ngg-fancybox\" rel=\"71ec692e9db1840d37c3133c548ad1a8\">\n                <img\n                    title=\"IMG_0493\"\n                    alt=\"IMG_0493\"\n                    src=\"https:\/\/harinammandir.com\/lt\/wp-content\/gallery\/sluzhenie-bozhestvam\/thumbs\/thumbs_IMG_0493.jpg\"\n                    width=\"240\"\n                    height=\"160\"\n                    style=\"max-width:100%;\"\n                \/>\n            <\/a>\n        <\/div>\n\t\t\t\t\t\t\t<\/div> \n\t\t\t\n        \n\t\t\t\t<div id=\"ngg-image-3\" class=\"ngg-gallery-thumbnail-box\" >\n\t\t\t\t        <div class=\"ngg-gallery-thumbnail\">\n            <a href=\"https:\/\/harinammandir.com\/lt\/wp-content\/gallery\/sluzhenie-bozhestvam\/IMG_9959.jpg\"\n               title=\"\"\n               data-src=\"https:\/\/harinammandir.com\/lt\/wp-content\/gallery\/sluzhenie-bozhestvam\/IMG_9959.jpg\"\n               data-thumbnail=\"https:\/\/harinammandir.com\/lt\/wp-content\/gallery\/sluzhenie-bozhestvam\/thumbs\/thumbs_IMG_9959.jpg\"\n               data-image-id=\"173\"\n               data-title=\"IMG_9959\"\n               data-description=\"\"\n               data-image-slug=\"img_9959\"\n               class=\"ngg-fancybox\" rel=\"71ec692e9db1840d37c3133c548ad1a8\">\n                <img\n                    title=\"IMG_9959\"\n                    alt=\"IMG_9959\"\n                    src=\"https:\/\/harinammandir.com\/lt\/wp-content\/gallery\/sluzhenie-bozhestvam\/thumbs\/thumbs_IMG_9959.jpg\"\n                    width=\"240\"\n                    height=\"160\"\n                    style=\"max-width:100%;\"\n                \/>\n            <\/a>\n        <\/div>\n\t\t\t\t\t\t\t<\/div> \n\t\t\t\n        \n\t\t\n\t\t<!-- Pagination -->\n\t<div class='ngg-clear'><\/div>\t<\/div>\n\n<p>Galimyb\u0117 pasitarnauti J\u0173 \u0160viesyb\u0117ms  <strong>\u0160ri \u0160ri Radha Govindai:<\/strong><\/p>\n<p>Galite pasi\u016bti drabu\u017eius. I\u0161sami informacija:  <a href=\"mailto:subal.ananda.das.rns@gmail.com\">harinammandir64@gmail.com <\/a><br \/>\nGalite paaukoti g\u0117l\u0117ms nurodant paskirt\u012f <strong>\u00abRadhe\u00bb<\/strong><br \/>\nGalite paaukoti papuo\u0161alams nurodant paskirt\u012f <strong>\u00abRadhe\u00bb<\/strong><br \/>\nGalite paaukoti rytiniam ir vakariniam atna\u0161avimui nurodant paskirt\u012f  <strong>\u00abRadhe\u00bb<\/strong><\/p>\n<p>Nor\u0117dami paaukoti, m\u016bs\u0173 rekvizitus rasite \u010dia:  <a href=\"harinammandir.com\/lt\/donation\/\">harinammandir.com\/lt\/donation\/<\/a><\/p>\n<p><img decoding=\"async\" src=\"\/media\/radhe.jpg\" width=\"700px\" align=\"middle\"><\/p>\n","protected":false},"excerpt":{"rendered":"<p>Galimyb\u0117 pasitarnauti J\u0173 \u0160viesyb\u0117ms \u0160ri \u0160ri Radha Govindai: Galite pasi\u016bti drabu\u017eius. I\u0161sami informacija: harinammandir64@gmail.com Galite paaukoti g\u0117l\u0117ms nurodant paskirt\u012f \u00abRadhe\u00bb Galite paaukoti papuo\u0161alams nurodant paskirt\u012f \u00abRadhe\u00bb Galite paaukoti rytiniam ir vakariniam atna\u0161avimui nurodant paskirt\u012f \u00abRadhe\u00bb Nor\u0117dami paaukoti, m\u016bs\u0173 rekvizitus rasite \u010dia: harinammandir.com\/lt\/donation\/<\/p>\n","protected":false},"author":2,"featured_media":0,"parent":0,"menu_order":0,"comment_status":"closed","ping_status":"closed","template":"","meta":{"ngg_post_thumbnail":0},"acf":[],"_links":{"self":[{"href":"https:\/\/harinammandir.com\/lt\/wp-json\/wp\/v2\/pages\/801"}],"collection":[{"href":"https:\/\/harinammandir.com\/lt\/wp-json\/wp\/v2\/pages"}],"about":[{"href":"https:\/\/harinammandir.com\/lt\/wp-json\/wp\/v2\/types\/page"}],"author":[{"embeddable":true,"href":"https:\/\/harinammandir.com\/lt\/wp-json\/wp\/v2\/users\/2"}],"replies":[{"embeddable":true,"href":"https:\/\/harinammandir.com\/lt\/wp-json\/wp\/v2\/comments?post=801"}],"version-history":[{"count":3,"href":"https:\/\/harinammandir.com\/lt\/wp-json\/wp\/v2\/pages\/801\/revisions"}],"predecessor-version":[{"id":810,"href":"https:\/\/harinammandir.com\/lt\/wp-json\/wp\/v2\/pages\/801\/revisions\/810"}],"wp:attachment":[{"href":"https:\/\/harinammandir.com\/lt\/wp-json\/wp\/v2\/media?parent=801"}],"curies":[{"name":"wp","href":"https:\/\/api.w.org\/{rel}","templated":true}]}}